{"id":42,"date":"2015-12-14T18:15:34","date_gmt":"2015-12-14T18:15:34","guid":{"rendered":"http:\/\/studiosnob.ch\/?page_id=42"},"modified":"2023-11-20T22:36:55","modified_gmt":"2023-11-20T20:36:55","slug":"leistungen","status":"publish","type":"page","link":"http:\/\/arq.cajadelapices.com\/de\/leistungen\/","title":{"rendered":"Leistungen"},"content":{"rendered":"<p>Bei <strong>Caja de L\u00e1pices<\/strong> arbeiten wir daran, bei jedem Projekt das hohe Qualit\u00e4tsniveau zu halten, das uns auszeichnet. Bei jeder Arbeit ber\u00fccksichtigen wir auch Faktoren wie Funktionalit\u00e4t, \u00c4sthetik, Einhaltung von Fristen\/Budgets und eine gute technische Ausf\u00fchrung.<\/p>\n<p>Aufgrund dieser Merkmale bieten wir Ihnen die folgenden Dienstleistungen an, unabh\u00e4ngig davon, ob Sie ein bestimmter Kunde, ein Unternehmen oder eine \u00f6ffentliche Einrichtung sind:<\/p>\n<p style=\"text-align: justify;\">\n<table id=\"tablepress-9\" class=\"tablepress tablepress-id-9\">\n<tbody>\n<tr class=\"row-1\">\n\t<td class=\"column-1\"><img loading=\"lazy\" decoding=\"async\" src=\"http:\/\/new.cajadelapices.com\/wp-content\/uploads\/2015\/12\/icono-BIM-e1468406848426.png\" alt=\"icono-BIM\" width=\"50\" height=\"50\" class=\"align left size-full wp-image-1207\" \/><\/td><td class=\"column-2\"><h3 style=\"text-align: justify;    margin-bottom: -15px;margin-top: 10px;<br \/>\n\"><strong>BIM-Implementierung<\/strong><\/h3><br \/>\n<span style=\"text-align: left !important;\">Wir begleiten Sie bei der Umstellung von CAD auf BIM, bewerten Ihre Bed\u00fcrfnisse und w\u00e4hlen das beste BIM-Tool f\u00fcr Ihr Unternehmen aus. Wir schulen und coachen Ihre Mitarbeiter, begleiten sie beim Lernen, definieren Arbeitsabl\u00e4ufe, bewerten verschiedene Techniken und suchen die beste Strategie f\u00fcr die Zusammenarbeit mit anderen an Ihren Projekten beteiligten Unternehmen. Wir haben auch Mitarbeiter, die Ihr Projekt bei Bedarf modellieren, parametrische Familien erstellen und in kritischen Momenten helfen k\u00f6nnen, um Fristen einzuhalten und Ihre Effizienz zu steigern.<\/span><br \/>\n<\/br><\/td>\n<\/tr>\n<tr class=\"row-2\">\n\t<td class=\"column-1\"><img loading=\"lazy\" decoding=\"async\" src=\"http:\/\/new.cajadelapices.com\/wp-content\/uploads\/2015\/12\/icono-arquitectura-e1468407157987.png\" alt=\"icono-arquitectura\" width=\"52\" height=\"50\" class=\"alignleft size-full wp-image-1206\" \/><\/td><td class=\"column-2\"><h3 style=\"text-align: justify;    margin-bottom: -15px;margin-top: 10px;<br \/>\n\"><strong>Architektur<\/strong><\/h3><br \/>\n<span style=\"text-align: left !important;\">Wir helfen Ihnen bei der Umsetzung Ihrer Ideen von der Machbarkeit bis hin zum Bau. Wir sind Experten f\u00fcr die Renovierung, Anpassung und Umgestaltung von R\u00e4umen. Au\u00dferdem beraten wir Sie in allen Fragen der technischen Beratung durch unseren Architektur- und Ingenieurdienst. Wir berechnen Strukturen, entwickeln und integrieren Automatisierungs- und Telekommunikationsprojekte und nutzen dabei die neueste Technologie (intelligentes Wohnen).<\/span><br \/>\n<\/br><\/td>\n<\/tr>\n<tr class=\"row-3\">\n\t<td class=\"column-1\"><img loading=\"lazy\" decoding=\"async\" src=\"http:\/\/new.cajadelapices.com\/wp-content\/uploads\/2015\/12\/icono-visualizaciones-e1468407178700.png\" alt=\"icono-visualizaciones\" width=\"50\" height=\"51\" class=\"alignnone size-full wp-image-1208\" \/><\/td><td class=\"column-2\"><h3 style=\"text-align: justify;    margin-bottom: -15px;margin-top: 10px;<br \/>\n\"><strong>Rendering &amp; Visualisierung<\/strong><\/h3><br \/>\n<span style=\"text-align: justify;\">Wir bieten Ihnen die M\u00f6glichkeit, Ihre Idee visuell auszudr\u00fccken. Wir arbeiten mit einer breiten Palette von Visualisierungen, von fotorealistischen bis hin zu abstrakten Bildern, so dass Sie im Voraus verschiedene Optionen bewerten und das beste Ergebnis ausw\u00e4hlen k\u00f6nnen. Dank unserer Erfahrung in der Architektur k\u00f6nnen wir Ihnen hochwertige Renderings anbieten, die auf Ihr Budget und Ihre Bed\u00fcrfnisse zugeschnitten sind.<\/span><br \/>\n<\/br><\/td>\n<\/tr>\n<\/tbody>\n<\/table>\n<!-- #tablepress-9 from cache -->","protected":false},"excerpt":{"rendered":"<p>Bei Caja de L\u00e1pices arbeiten wir daran, bei jedem Projekt das hohe Qualit\u00e4tsniveau zu halten, das uns auszeichnet. Bei jeder Arbeit ber\u00fccksichtigen wir auch Faktoren wie Funktionalit\u00e4t, \u00c4sthetik, Einhaltung von Fristen\/Budgets und eine gute technische Ausf\u00fchrung. Aufgrund dieser Merkmale bieten wir Ihnen die folgenden Dienstleistungen an, unabh\u00e4ngig davon, ob Sie ein bestimmter Kunde, ein Unternehmen &#8230; <span class=\"more\"><a class=\"more-link\" href=\"http:\/\/arq.cajadelapices.com\/de\/leistungen\/\">[Read more&#8230;]<\/a><\/span><\/p>\n","protected":false},"author":2,"featured_media":0,"parent":0,"menu_order":0,"comment_status":"closed","ping_status":"closed","template":"page-full-width.php","meta":{"_exactmetrics_skip_tracking":false,"_exactmetrics_sitenote_active":false,"_exactmetrics_sitenote_note":"","_exactmetrics_sitenote_category":0,"footnotes":""},"_links":{"self":[{"href":"http:\/\/arq.cajadelapices.com\/de\/wp-json\/wp\/v2\/pages\/42"}],"collection":[{"href":"http:\/\/arq.cajadelapices.com\/de\/wp-json\/wp\/v2\/pages"}],"about":[{"href":"http:\/\/arq.cajadelapices.com\/de\/wp-json\/wp\/v2\/types\/page"}],"author":[{"embeddable":true,"href":"http:\/\/arq.cajadelapices.com\/de\/wp-json\/wp\/v2\/users\/2"}],"replies":[{"embeddable":true,"href":"http:\/\/arq.cajadelapices.com\/de\/wp-json\/wp\/v2\/comments?post=42"}],"version-history":[{"count":65,"href":"http:\/\/arq.cajadelapices.com\/de\/wp-json\/wp\/v2\/pages\/42\/revisions"}],"predecessor-version":[{"id":1369,"href":"http:\/\/arq.cajadelapices.com\/de\/wp-json\/wp\/v2\/pages\/42\/revisions\/1369"}],"wp:attachment":[{"href":"http:\/\/arq.cajadelapices.com\/de\/wp-json\/wp\/v2\/media?parent=42"}],"curies":[{"name":"wp","href":"https:\/\/api.w.org\/{rel}","templated":true}]}}