{"id":19,"date":"2015-12-06T21:46:38","date_gmt":"2015-12-06T21:46:38","guid":{"rendered":"http:\/\/studiosnob.ch\/?page_id=19"},"modified":"2024-11-19T22:56:10","modified_gmt":"2024-11-19T20:56:10","slug":"home","status":"publish","type":"page","link":"http:\/\/arq.cajadelapices.com\/de\/home\/","title":{"rendered":"Caja de L\u00e1pices"},"content":{"rendered":"<div class=\"page\" title=\"Page 2\">\n<div class=\"layoutArea\">\n<p><strong>Caja de L\u00e1pices<\/strong> ist ein Architekturb\u00fcro mit Sitz in Madrid, Spanien. Unsere Kernkompetenzen sind BIM-Modellierung und -Implementierung, konzeptioneller Entwurf und Visualisierungen.<\/p>\n<p><strong>Caja de L\u00e1pices<\/strong> verf\u00fcgt \u00fcber eine besondere Expertise in der Integration und Nutzung von BIM (Building Information Modeling), die wir in mehr als 17 Jahren Arbeit in L\u00e4ndern erworben haben, in denen der BIM-Weg bereits weiter fortgeschritten ist (Vereinigte Staaten, Schweden und Schweiz). Um unser Wissen weiterzugeben und zu verbreiten, bieten wir auch Schulungen, Follow-up und Unterst\u00fctzung beim \u00dcbergang zu BIM an.<\/p>\n<p>Dank dieser interdisziplin\u00e4ren F\u00e4higkeiten ist <strong>Caja de L\u00e1pices<\/strong> in der Lage, flexible und effiziente L\u00f6sungen anzubieten, die an die spezifischen Anforderungen und Erwartungen der Kunden angepasst sind.<\/p>\n<\/div>\n<\/div>","protected":false},"excerpt":{"rendered":"<p>Caja de L\u00e1pices ist ein Architekturb\u00fcro mit Sitz in Madrid, Spanien. Unsere Kernkompetenzen sind BIM-Modellierung und -Implementierung, konzeptioneller Entwurf und Visualisierungen. Caja de L\u00e1pices verf\u00fcgt \u00fcber eine besondere Expertise in der Integration und Nutzung von BIM (Building Information Modeling), die wir in mehr als 17 Jahren Arbeit in L\u00e4ndern erworben haben, in denen der BIM-Weg &#8230; <span class=\"more\"><a class=\"more-link\" href=\"http:\/\/arq.cajadelapices.com\/de\/home\/\">[Read more&#8230;]<\/a><\/span><\/p>\n","protected":false},"author":2,"featured_media":0,"parent":0,"menu_order":0,"comment_status":"closed","ping_status":"closed","template":"page-full-width.php","meta":{"_exactmetrics_skip_tracking":false,"_exactmetrics_sitenote_active":false,"_exactmetrics_sitenote_note":"","_exactmetrics_sitenote_category":0,"footnotes":""},"_links":{"self":[{"href":"http:\/\/arq.cajadelapices.com\/de\/wp-json\/wp\/v2\/pages\/19"}],"collection":[{"href":"http:\/\/arq.cajadelapices.com\/de\/wp-json\/wp\/v2\/pages"}],"about":[{"href":"http:\/\/arq.cajadelapices.com\/de\/wp-json\/wp\/v2\/types\/page"}],"author":[{"embeddable":true,"href":"http:\/\/arq.cajadelapices.com\/de\/wp-json\/wp\/v2\/users\/2"}],"replies":[{"embeddable":true,"href":"http:\/\/arq.cajadelapices.com\/de\/wp-json\/wp\/v2\/comments?post=19"}],"version-history":[{"count":35,"href":"http:\/\/arq.cajadelapices.com\/de\/wp-json\/wp\/v2\/pages\/19\/revisions"}],"predecessor-version":[{"id":1413,"href":"http:\/\/arq.cajadelapices.com\/de\/wp-json\/wp\/v2\/pages\/19\/revisions\/1413"}],"wp:attachment":[{"href":"http:\/\/arq.cajadelapices.com\/de\/wp-json\/wp\/v2\/media?parent=19"}],"curies":[{"name":"wp","href":"https:\/\/api.w.org\/{rel}","templated":true}]}}