{"id":10,"date":"2015-12-06T21:40:03","date_gmt":"2015-12-06T21:40:03","guid":{"rendered":"http:\/\/studiosnob.ch\/?page_id=10"},"modified":"2024-11-19T23:07:19","modified_gmt":"2024-11-19T21:07:19","slug":"team","status":"publish","type":"page","link":"http:\/\/arq.cajadelapices.com\/de\/team\/","title":{"rendered":"Team"},"content":{"rendered":"<p><strong>Caja de L\u00e1pices<\/strong> verf\u00fcgt \u00fcber ein multidisziplin\u00e4res Team von Architekten und Ingenieuren, die unsere Projekte von Anfang an bis zur \u00dcbergabe entwickeln. Wir verf\u00fcgen \u00fcber umfangreiche Erfahrungen und nachweisliche Erfolge bei der Umsetzung der Ideen unserer Kunden und bieten die effizientesten, funktionellsten und angemessensten L\u00f6sungen f\u00fcr jedes Profil. Unser Arbeitsprozess veranlasst uns, unsere Projekte immer wieder zu \u00fcberdenken und uns in die Lage des Endverbrauchers zu versetzen, um in jedem Fall die am besten geeigneten L\u00f6sungen zu finden.<\/p>\n<p>Bei <strong>Caja de L\u00e1pices<\/strong> arbeiten leidenschaftliche BIM-Spezialisten, und wir sind bereit, unseren Kunden bei der Umsetzung zu helfen, unabh\u00e4ngig von ihrem BIM-Integrationsniveau.<\/p>\n<p>Bei <strong>Caja de L\u00e1pices<\/strong> entwerfen wir nicht nur, sondern wir werden auch Teilhaber an den Ideen unserer Kunden. Unser Ziel ist es, ihren Traum zu gestalten.<\/p>","protected":false},"excerpt":{"rendered":"<p>Caja de L\u00e1pices verf\u00fcgt \u00fcber ein multidisziplin\u00e4res Team von Architekten und Ingenieuren, die unsere Projekte von Anfang an bis zur \u00dcbergabe entwickeln. Wir verf\u00fcgen \u00fcber umfangreiche Erfahrungen und nachweisliche Erfolge bei der Umsetzung der Ideen unserer Kunden und bieten die effizientesten, funktionellsten und angemessensten L\u00f6sungen f\u00fcr jedes Profil. Unser Arbeitsprozess veranlasst uns, unsere Projekte immer &#8230; <span class=\"more\"><a class=\"more-link\" href=\"http:\/\/arq.cajadelapices.com\/de\/team\/\">[Read more&#8230;]<\/a><\/span><\/p>\n","protected":false},"author":2,"featured_media":0,"parent":0,"menu_order":0,"comment_status":"closed","ping_status":"closed","template":"page-full-width.php","meta":{"_exactmetrics_skip_tracking":false,"_exactmetrics_sitenote_active":false,"_exactmetrics_sitenote_note":"","_exactmetrics_sitenote_category":0,"footnotes":""},"_links":{"self":[{"href":"http:\/\/arq.cajadelapices.com\/de\/wp-json\/wp\/v2\/pages\/10"}],"collection":[{"href":"http:\/\/arq.cajadelapices.com\/de\/wp-json\/wp\/v2\/pages"}],"about":[{"href":"http:\/\/arq.cajadelapices.com\/de\/wp-json\/wp\/v2\/types\/page"}],"author":[{"embeddable":true,"href":"http:\/\/arq.cajadelapices.com\/de\/wp-json\/wp\/v2\/users\/2"}],"replies":[{"embeddable":true,"href":"http:\/\/arq.cajadelapices.com\/de\/wp-json\/wp\/v2\/comments?post=10"}],"version-history":[{"count":152,"href":"http:\/\/arq.cajadelapices.com\/de\/wp-json\/wp\/v2\/pages\/10\/revisions"}],"predecessor-version":[{"id":1415,"href":"http:\/\/arq.cajadelapices.com\/de\/wp-json\/wp\/v2\/pages\/10\/revisions\/1415"}],"wp:attachment":[{"href":"http:\/\/arq.cajadelapices.com\/de\/wp-json\/wp\/v2\/media?parent=10"}],"curies":[{"name":"wp","href":"https:\/\/api.w.org\/{rel}","templated":true}]}}